{"id":686,"date":"2017-09-20T18:42:36","date_gmt":"2017-09-20T18:42:36","guid":{"rendered":"https:\/\/diasporasemportugues.ilcml.com\/diasporas-en-portugais\/"},"modified":"2023-06-27T15:52:15","modified_gmt":"2023-06-27T15:52:15","slug":"diasporas-en-portugais","status":"publish","type":"page","link":"https:\/\/diasporasemportugues.ilcml.com\/fr\/diasporas-en-portugais\/","title":{"rendered":"Diasporas en portugais"},"content":{"rendered":"<p>Le monde contemporain est marqu\u00e9 de mani\u00e8re ind\u00e9l\u00e9bile par des ph\u00e9nom\u00e8nes de migration, d\u2019exil, de d\u00e9territorialisation et de reterritorialisation, tous motiv\u00e9s par des facteurs divers (politiques, \u00e9conomiques, environnementaux, familiaux ou professionnels), qui trouvent dans les cr\u00e9ations artistiques un espace de t\u00e9moignage, de r\u00e9flexion, de r\u00e9invention et d\u2019intervention. Les dialogues et les croisements entre les arts, ainsi que les approches interdisciplinaires de tous ces ph\u00e9nom\u00e8nes sociaux et esth\u00e9tiques s\u2019av\u00e8rent donc particuli\u00e8rement appropri\u00e9s et stimulants pour l\u2019\u00e9tude des r\u00e9percussions de la dimension diasporique dans la vie et dans les arts contemporains.<\/p>\n<p>Ainsi, <em>Di\u00e1sporas em Portugu\u00eas <\/em>[Diasporas en portugais], une branche de l\u2019encyclop\u00e9die num\u00e9rique <a href=\"https:\/\/ulysseias.ilcml.com\/fr\/\" target=\"_blank\" rel=\"noopener\">Ulyssei@s<\/a>, se pr\u00e9sente comme un site de diffusion des \u00e9crivains et autres cr\u00e9ateurs artistiques des XXe-XXIe si\u00e8cles, en l\u2019occurrence des auteurs de langue portugaise dont les \u0153uvres r\u00e9v\u00e8lent des parcours et des probl\u00e9matiques diasporiques. Bien que la dimension autobiographique puisse \u00eatre pertinente, elle ne constitue pas ici le seul crit\u00e8re d\u2019inclusion ou d\u2019exclusion d\u2019auteurs et de travaux. De m\u00eame, le fait que la p\u00e9riode post-coloniale soit privil\u00e9gi\u00e9e ne veut pas dire que les auteurs et les \u0153uvres ant\u00e9rieurs \u00e0 ce rep\u00e8re chronologique ne seront pas inclus, d\u00e8s lors que la dimension diasporique et ses d\u00e9rivations th\u00e9matiques sont consid\u00e9r\u00e9es comme pertinentes.<\/p>\n<p>Di\u00e1sporas em Portugu\u00eas vise \u00e0 privil\u00e9gier les notions\/images d\u2019origine, de diversit\u00e9 et de dispersion par rapport \u00e0 celles qui renvoient au destin, \u00e0 l\u2019unit\u00e9 ou \u00e0 la fixit\u00e9, tout en mettant en \u00e9vidence et en articulant les transits entre les multiples aires lusophones, cherchant par l\u00e0 \u00e0 d\u00e9passer les limites de l\u2019analyse critique impos\u00e9es soit par les cat\u00e9gories esth\u00e9tiques, soit par les fronti\u00e8res nationales.<\/p>\n<p>En tant que travail en cours, les entr\u00e9es peuvent \u00eatre mises \u00e0 jour \u00e0 tout moment, du moment qu\u2019elles respectent les lignes th\u00e9matiques d\u00e9finies et la nature r\u00e9flexive de cette base de connaissance.<\/p>\n","protected":false},"excerpt":{"rendered":"<p>Le monde contemporain est marqu\u00e9 de mani\u00e8re ind\u00e9l\u00e9bile par des ph\u00e9nom\u00e8nes de migration, d\u2019exil, de d\u00e9territorialisation et de reterritorialisation, tous motiv\u00e9s par des facteurs divers (politiques, \u00e9conomiques, environnementaux, familiaux ou professionnels), qui trouvent dans les cr\u00e9ations artistiques un espace de t\u00e9moignage, de r\u00e9flexion, de r\u00e9invention et d\u2019intervention. Les dialogues et les croisements entre les arts,&#8230; <\/p>\n<div class=\"clear\"><\/div>\n<p><a href=\"https:\/\/diasporasemportugues.ilcml.com\/fr\/diasporas-en-portugais\/\" class=\"gdlr-info-font excerpt-read-more\">En savoir plus<\/a><\/p>\n","protected":false},"author":1,"featured_media":0,"parent":0,"menu_order":0,"comment_status":"closed","ping_status":"closed","template":"","meta":{"_FSMCFIC_featured_image_caption":"","_FSMCFIC_featured_image_nocaption":"","_FSMCFIC_featured_image_hide":"","slim_seo":{"title":"Diasporas en portugais - Diasporas en Portugais","description":"Le monde contemporain est marqu\u00e9 de mani\u00e8re ind\u00e9l\u00e9bile par des ph\u00e9nom\u00e8nes de migration, d\u2019exil, de d\u00e9territorialisation et de reterritorialisation, tous motiv\u00e9s"}},"acf":[],"_links":{"self":[{"href":"https:\/\/diasporasemportugues.ilcml.com\/fr\/wp-json\/wp\/v2\/pages\/686"}],"collection":[{"href":"https:\/\/diasporasemportugues.ilcml.com\/fr\/wp-json\/wp\/v2\/pages"}],"about":[{"href":"https:\/\/diasporasemportugues.ilcml.com\/fr\/wp-json\/wp\/v2\/types\/page"}],"author":[{"embeddable":true,"href":"https:\/\/diasporasemportugues.ilcml.com\/fr\/wp-json\/wp\/v2\/users\/1"}],"replies":[{"embeddable":true,"href":"https:\/\/diasporasemportugues.ilcml.com\/fr\/wp-json\/wp\/v2\/comments?post=686"}],"version-history":[{"count":4,"href":"https:\/\/diasporasemportugues.ilcml.com\/fr\/wp-json\/wp\/v2\/pages\/686\/revisions"}],"predecessor-version":[{"id":787,"href":"https:\/\/diasporasemportugues.ilcml.com\/fr\/wp-json\/wp\/v2\/pages\/686\/revisions\/787"}],"wp:attachment":[{"href":"https:\/\/diasporasemportugues.ilcml.com\/fr\/wp-json\/wp\/v2\/media?parent=686"}],"curies":[{"name":"wp","href":"https:\/\/api.w.org\/{rel}","templated":true}]}}